{"id":15,"date":"2015-11-23T18:20:09","date_gmt":"2015-11-23T18:20:09","guid":{"rendered":"http:\/\/extinfogovalinhos.com.br\/site\/?page_id=15"},"modified":"2016-03-29T12:50:42","modified_gmt":"2016-03-29T12:50:42","slug":"servicos","status":"publish","type":"page","link":"https:\/\/extinfogovalinhos.com.br\/site\/servicos\/","title":{"rendered":"Servi\u00e7os"},"content":{"rendered":"<div class=\"wpb-content-wrapper\"><p>[vc_row][vc_column width=&#8221;1\/2&#8243;][vc_column_text]<strong>1) Servi\u00e7os:<br \/>\n<\/strong>&#8211; Manut. De Sistemas de Cozinhas Comerciais<br \/>\n&#8211; Manut.Sistema de Capela de Laborat\u00f3rio<br \/>\n&#8211; Manut. Sistemas de Maquinas CNC<br \/>\n&#8211; Manut. Sistema de Gabinetes El\u00e9tricos<br \/>\n&#8211; Manuten\u00e7\u00e3o em Sistema de Inc\u00eandio<br \/>\n<strong><br \/>\n2) Projetos de Seguran\u00e7a contra Inc\u00eandios para:<\/strong><\/p>\n<p>&#8211; Corpo de Bombeiros;<br \/>\n&#8211; Constru\u00e7\u00f5es (Laudos T\u00e9cnicos de Seguran\u00e7a)<br \/>\n&#8211; Defesa em Comiss\u00f5es T\u00e9cnicas, junto ao Corpo de Bombeiros.<\/p>\n<p><strong>3) Projetos de :<\/strong><\/p>\n<p>&#8211; Sistemas de Prote\u00e7\u00e3o de Coifas (Cozinhas Industriais)<br \/>\n&#8211; Pressuriza\u00e7\u00e3o de Escadas de Seguran\u00e7a;<br \/>\n&#8211; Projetos Executivos de Controle e Exaust\u00e3o de Fuma\u00e7a;<br \/>\n&#8211; Detec\u00e7\u00e3o e Alarme de Inc\u00eandio;<br \/>\n&#8211; Sistemas de Combate por Espuma;<br \/>\n&#8211; Sistemas de Combate com Gases Limpos;<br \/>\n&#8211; Redes Hidr\u00e1ulicas de Inc\u00eandio (Hidrantes, Mangotinhos);<br \/>\n&#8211; Prote\u00e7\u00e3o em Estruturas Met\u00e1licas.<\/p>\n<p><strong>4) M\u00e3o-de-Obra Especializada<\/strong><\/p>\n<p>&#8211; Instala\u00e7\u00e3o e Manuten\u00e7\u00e3o em sistemas Contra inc\u00eandio.<br \/>\n&#8211; Hidrantes.<br \/>\n&#8211; Bombas.<br \/>\n&#8211; Alarmes e Detec\u00e7\u00e3o de Fuma\u00e7a\/Temperatura.<br \/>\n&#8211; Prote\u00e7\u00e3o de Coifas.<br \/>\n&#8211; Sistema fixo para Prote\u00e7\u00e3o de Centros de Medi\u00e7\u00e3o \/ CPD \/ Telefonia.<br \/>\n&#8211; Porta Corta Fogo.<br \/>\n&#8211; Sinaliza\u00e7\u00f5es de rota de fuga e emerg\u00eancia.<br \/>\n&#8211; Pain\u00e9is de Bomba.<br \/>\n&#8211; Extintores.<br \/>\n&#8211; Ilumina\u00e7\u00e3o de Emerg\u00eancia.<br \/>\n&#8211; Sistema de Dil\u00favio.<\/p>\n<p><strong>5) Inc\u00eandio e Emerg\u00eancia Qu\u00edmica<\/strong><\/p>\n<p>&#8211; Projeto T\u00e9cnico: Assessoria Para Avcb e Renova\u00e7\u00e3o Avcb.<br \/>\n&#8211; Avalia\u00e7\u00e3o de Sistema de Preven\u00e7\u00e3o de Inc\u00eandio.<br \/>\n&#8211; Projetos de Alarmes: Detec\u00e7\u00e3o de Fuma\u00e7a.<br \/>\n&#8211; Ilumina\u00e7\u00e3o de Emerg\u00eancia.<br \/>\n&#8211; Projetos Spda: Sistema de Preven\u00e7\u00e3o Contra Descargas Atmosf\u00e9ricas.<br \/>\n&#8211; Cursos de Brigada de Inc\u00eandio.<br \/>\n&#8211; Curso de Primeiros Socorros.<br \/>\n&#8211; Curso de Controle no Derramamento de L\u00edquidos Perigosos.<br \/>\n&#8211; Curso de Evacua\u00e7\u00e3o: Plano de Abandono e Rota de Fuga.<br \/>\n&#8211; Planejamento E Opera\u00e7\u00e3o de Simulados.<br \/>\n&#8211; Treinamento do Uso de Extintores com o Firepan.<br \/>\n&#8211; Laudos Circunstanciados com Fotos E Normas.<br \/>\n-6Escadas Pressurizadas.<\/p>\n<p><strong>7) Prefeitura<\/strong><\/p>\n<p>&#8211; Avs (Auto de Verifica\u00e7\u00e3o e Seguran\u00e7a).<br \/>\n&#8211; Laudo T\u00e9cnico.<br \/>\n&#8211; Alvar\u00e1 de Funcionamento.<br \/>\n&#8211; Anistia Regulariza\u00e7\u00e3o de Im\u00f3veis.<br \/>\n&#8211; Laudo Eletrico.<br \/>\n&#8211; Digitaliza\u00e7\u00e3o de plantas em Auto Cad.<br \/>\n&#8211; Levantamento de constru\u00e7\u00f5es e digitaliza\u00e7\u00e3o de plantas.<\/p>\n<p><strong>7) Trabalho em Espa\u00e7o Confinado<\/strong><\/p>\n<p>&#8211; Identifica\u00e7\u00e3o e Caracteriza\u00e7\u00e3o dos Espa\u00e7os Confinados.<br \/>\n&#8211; Treinamento para Trabalhos em Espa\u00e7o Confinado.<br \/>\n&#8211; Treinamento Para Resgate em Espa\u00e7o Confinado.<\/p>\n<p><strong>8) Trabalho em Altura<\/strong><\/p>\n<p>&#8211; Cursos T\u00e9cnicos para Trabalho em Altura.<br \/>\n&#8211; Curso de Escalada.<br \/>\n&#8211; Curso de Rappel (Descida).<\/p>\n<p><strong>9) Higiene Ocupacional<\/strong><\/p>\n<p>&#8211; Avalia\u00e7\u00e3o de Agentes Qu\u00edmicos: Poeiras, Vapores e Gases T\u00f3xicos.<br \/>\n&#8211; Coleta e An\u00e1lise: Agentes Qu\u00edmicos em Efluentes e No Solo.<br \/>\n&#8211; Avalia\u00e7\u00e3o de Ru\u00eddo: Na Fonte e Pessoal (Monitoramento).<\/p>\n<p><strong>10) Engenharia de Seguran\u00e7a do Trabalho<\/strong><\/p>\n<p>&#8211; Laudos &#8211; Ppra.<br \/>\n&#8211; Laudos &#8211; Pca.<br \/>\n&#8211; Laudos &#8211; Ppp.<br \/>\n&#8211; Treinamentos de Prote\u00e7\u00e3o Respirat\u00f3ria e Auditiva.<br \/>\n&#8211; Palestras &#8211; Sipat.<br \/>\n&#8211; Auditoria dos Programas de Preven\u00e7\u00e3o.<br \/>\n&#8211; Curso de Cipa.[\/vc_column_text][\/vc_column][vc_column width=&#8221;1\/2&#8243;][vc_single_image image=&#8221;37&#8243; img_size=&#8221;full&#8221; alignment=&#8221;center&#8221;][\/vc_column][\/vc_row]<\/p>\n<\/div>","protected":false},"excerpt":{"rendered":"<p>[vc_row][vc_column width=&#8221;1\/2&#8243;][vc_column_text]1) Servi\u00e7os: &#8211; Manut. De Sistemas de Cozinhas Comerciais &#8211; Manut.Sistema de Capela de Laborat\u00f3rio &#8211; Manut. Sistemas de Maquinas CNC &#8211; Manut. Sistema de<span class=\"excerpt-hellip\"> [\u2026]<\/span><\/p>\n","protected":false},"author":1,"featured_media":0,"parent":0,"menu_order":0,"comment_status":"closed","ping_status":"closed","template":"","meta":{"footnotes":""},"class_list":["post-15","page","type-page","status-publish","hentry"],"_links":{"self":[{"href":"https:\/\/extinfogovalinhos.com.br\/site\/wp-json\/wp\/v2\/pages\/15","targetHints":{"allow":["GET"]}}],"collection":[{"href":"https:\/\/extinfogovalinhos.com.br\/site\/wp-json\/wp\/v2\/pages"}],"about":[{"href":"https:\/\/extinfogovalinhos.com.br\/site\/wp-json\/wp\/v2\/types\/page"}],"author":[{"embeddable":true,"href":"https:\/\/extinfogovalinhos.com.br\/site\/wp-json\/wp\/v2\/users\/1"}],"replies":[{"embeddable":true,"href":"https:\/\/extinfogovalinhos.com.br\/site\/wp-json\/wp\/v2\/comments?post=15"}],"version-history":[{"count":6,"href":"https:\/\/extinfogovalinhos.com.br\/site\/wp-json\/wp\/v2\/pages\/15\/revisions"}],"predecessor-version":[{"id":100,"href":"https:\/\/extinfogovalinhos.com.br\/site\/wp-json\/wp\/v2\/pages\/15\/revisions\/100"}],"wp:attachment":[{"href":"https:\/\/extinfogovalinhos.com.br\/site\/wp-json\/wp\/v2\/media?parent=15"}],"curies":[{"name":"wp","href":"https:\/\/api.w.org\/{rel}","templated":true}]}}