{"id":64,"date":"2015-11-24T17:08:23","date_gmt":"2015-11-24T17:08:23","guid":{"rendered":"http:\/\/extinfogovalinhos.com.br\/site\/?page_id=64"},"modified":"2015-11-24T17:08:23","modified_gmt":"2015-11-24T17:08:23","slug":"iluminacao-de-emergencia","status":"publish","type":"page","link":"https:\/\/extinfogovalinhos.com.br\/site\/produtos\/iluminacao-de-emergencia\/","title":{"rendered":"Ilumina\u00e7\u00e3o de Emerg\u00eancia"},"content":{"rendered":"<div class=\"wpb-content-wrapper\"><p>[vc_row][vc_column][vc_single_image image=&#8221;56&#8243; img_size=&#8221;full&#8221; alignment=&#8221;center&#8221;][\/vc_column][\/vc_row]<\/p>\n<\/div>","protected":false},"excerpt":{"rendered":"<p>[vc_row][vc_column][vc_single_image image=&#8221;56&#8243; img_size=&#8221;full&#8221; alignment=&#8221;center&#8221;][\/vc_column][\/vc_row]<\/p>\n","protected":false},"author":1,"featured_media":0,"parent":19,"menu_order":0,"comment_status":"closed","ping_status":"closed","template":"","meta":{"footnotes":""},"class_list":["post-64","page","type-page","status-publish","hentry"],"_links":{"self":[{"href":"https:\/\/extinfogovalinhos.com.br\/site\/wp-json\/wp\/v2\/pages\/64","targetHints":{"allow":["GET"]}}],"collection":[{"href":"https:\/\/extinfogovalinhos.com.br\/site\/wp-json\/wp\/v2\/pages"}],"about":[{"href":"https:\/\/extinfogovalinhos.com.br\/site\/wp-json\/wp\/v2\/types\/page"}],"author":[{"embeddable":true,"href":"https:\/\/extinfogovalinhos.com.br\/site\/wp-json\/wp\/v2\/users\/1"}],"replies":[{"embeddable":true,"href":"https:\/\/extinfogovalinhos.com.br\/site\/wp-json\/wp\/v2\/comments?post=64"}],"version-history":[{"count":1,"href":"https:\/\/extinfogovalinhos.com.br\/site\/wp-json\/wp\/v2\/pages\/64\/revisions"}],"predecessor-version":[{"id":65,"href":"https:\/\/extinfogovalinhos.com.br\/site\/wp-json\/wp\/v2\/pages\/64\/revisions\/65"}],"up":[{"embeddable":true,"href":"https:\/\/extinfogovalinhos.com.br\/site\/wp-json\/wp\/v2\/pages\/19"}],"wp:attachment":[{"href":"https:\/\/extinfogovalinhos.com.br\/site\/wp-json\/wp\/v2\/media?parent=64"}],"curies":[{"name":"wp","href":"https:\/\/api.w.org\/{rel}","templated":true}]}}