{"id":8,"date":"2015-11-23T16:22:41","date_gmt":"2015-11-23T16:22:41","guid":{"rendered":"http:\/\/extinfogovalinhos.com.br\/site\/?page_id=8"},"modified":"2016-03-29T12:52:48","modified_gmt":"2016-03-29T12:52:48","slug":"home","status":"publish","type":"page","link":"https:\/\/extinfogovalinhos.com.br\/site\/","title":{"rendered":"Home"},"content":{"rendered":"<div class=\"wpb-content-wrapper\"><p>[vc_row][vc_column][vc_single_image image=&#8221;96&#8243; img_size=&#8221;full&#8221; alignment=&#8221;center&#8221; style=&#8221;vc_box_rounded&#8221; link=&#8221;http:\/\/extinfogovalinhos.com.br\/site\/orcamento&#8221;][\/vc_column][\/vc_row][vc_row][vc_column width=&#8221;1\/2&#8243;][vc_single_image image=&#8221;90&#8243; img_size=&#8221;full&#8221; alignment=&#8221;center&#8221; style=&#8221;vc_box_rounded&#8221;][vc_column_text]<strong>Servi\u00e7os<\/strong><\/p>\n<p>Com uma ampla lista de servi\u00e7os, podemos fornecer os mais variados trabalhos para voc\u00ea. Veja agora mesmo![\/vc_column_text][vc_btn title=&#8221;veja mais!&#8221; color=&#8221;black&#8221; link=&#8221;url:http%3A%2F%2Fextinfogovalinhos.com.br%2Fsite%2Fservicos%2F||&#8221;][\/vc_column][vc_column width=&#8221;1\/2&#8243;][vc_single_image image=&#8221;89&#8243; img_size=&#8221;full&#8221; alignment=&#8221;center&#8221; style=&#8221;vc_box_rounded&#8221;][vc_column_text]<strong>Manuten\u00e7\u00e3o<\/strong><\/p>\n<p>Presente nos mais diversos setores, pronto para atender voc\u00ea e sua empresa. Confira nossa lista de manuten\u00e7\u00f5es.[\/vc_column_text][vc_btn title=&#8221;veja mais!&#8221; color=&#8221;black&#8221; link=&#8221;url:http%3A%2F%2Fextinfogovalinhos.com.br%2Fsite%2Fmanutencao%2F||&#8221;][\/vc_column][\/vc_row]<\/p>\n<\/div>","protected":false},"excerpt":{"rendered":"<p>[vc_row][vc_column][vc_single_image image=&#8221;96&#8243; img_size=&#8221;full&#8221; alignment=&#8221;center&#8221; style=&#8221;vc_box_rounded&#8221; link=&#8221;http:\/\/extinfogovalinhos.com.br\/site\/orcamento&#8221;][\/vc_column][\/vc_row][vc_row][vc_column width=&#8221;1\/2&#8243;][vc_single_image image=&#8221;90&#8243; img_size=&#8221;full&#8221; alignment=&#8221;center&#8221; style=&#8221;vc_box_rounded&#8221;][vc_column_text]Servi\u00e7os Com uma ampla lista de servi\u00e7os, podemos fornecer os mais variados trabalhos para voc\u00ea. Veja<span class=\"excerpt-hellip\"> [\u2026]<\/span><\/p>\n","protected":false},"author":1,"featured_media":0,"parent":0,"menu_order":0,"comment_status":"closed","ping_status":"closed","template":"","meta":{"footnotes":""},"class_list":["post-8","page","type-page","status-publish","hentry"],"_links":{"self":[{"href":"https:\/\/extinfogovalinhos.com.br\/site\/wp-json\/wp\/v2\/pages\/8","targetHints":{"allow":["GET"]}}],"collection":[{"href":"https:\/\/extinfogovalinhos.com.br\/site\/wp-json\/wp\/v2\/pages"}],"about":[{"href":"https:\/\/extinfogovalinhos.com.br\/site\/wp-json\/wp\/v2\/types\/page"}],"author":[{"embeddable":true,"href":"https:\/\/extinfogovalinhos.com.br\/site\/wp-json\/wp\/v2\/users\/1"}],"replies":[{"embeddable":true,"href":"https:\/\/extinfogovalinhos.com.br\/site\/wp-json\/wp\/v2\/comments?post=8"}],"version-history":[{"count":6,"href":"https:\/\/extinfogovalinhos.com.br\/site\/wp-json\/wp\/v2\/pages\/8\/revisions"}],"predecessor-version":[{"id":101,"href":"https:\/\/extinfogovalinhos.com.br\/site\/wp-json\/wp\/v2\/pages\/8\/revisions\/101"}],"wp:attachment":[{"href":"https:\/\/extinfogovalinhos.com.br\/site\/wp-json\/wp\/v2\/media?parent=8"}],"curies":[{"name":"wp","href":"https:\/\/api.w.org\/{rel}","templated":true}]}}